{"id":9,"date":"2016-08-19T09:42:11","date_gmt":"2016-08-19T09:42:11","guid":{"rendered":"http:\/\/narraventures.com\/coaching\/?page_id=9"},"modified":"2017-10-16T13:19:52","modified_gmt":"2017-10-16T13:19:52","slug":"reponse-narrative-aux-attentats-terroristes","status":"publish","type":"page","link":"http:\/\/narraventures.com\/coaching\/reponse-narrative-aux-attentats-terroristes\/","title":{"rendered":"Reponse narrative \u00e0 des \u00e9v\u00e8nements \u00ab\u00a0traumatisants\u00a0\u00bb"},"content":{"rendered":"<div style=\"text-align: justify; font-size: 100%; background-color: #dddddd; padding: 20px;\">\n<p>Voici un condens\u00e9 de ma pr\u00e9sentation sur une r\u00e9ponse narrative aux attentats terroristes de janvier et de novembre, 2015, \u00e0 Paris. Cette pr\u00e9sentation a \u00e9t\u00e9 faite en entier aux Deuxi\u00e8mes journ\u00e9es narratives francophones, \u00e0 Nantes, les 3 et 4 juin, 2016.<br \/>\n<span style=\"color: #808080;\"> <em>(cliquer sur l&rsquo;image pour le diaporama)<\/em><\/span><\/p>\n<div id=\"new-royalslider-1\" class=\"royalSlider new-royalslider-1 rsDefaultInv rs-default-template\" style=\"width:100%; height:;\"><div class=\"rsContent\">\n  <img class=\"rsImg\" src=\"http:\/\/narraventures.com\/coaching\/wp-content\/uploads\/2016\/08\/s_1-1.jpg\" alt=\"1\/30\"\/>\n  <div class=\"rsTmb\">1\/30<\/div>\n  \n  \n<\/div><div class=\"rsContent\">\n  <img class=\"rsImg\" src=\"http:\/\/narraventures.com\/coaching\/wp-content\/uploads\/2016\/08\/s_1.jpg\" alt=\"2\/30\"\/>\n  <div class=\"rsTmb\">2\/30<\/div>\n  \n  \n<\/div><div class=\"rsContent\">\n  <img class=\"rsImg\" src=\"http:\/\/narraventures.com\/coaching\/wp-content\/uploads\/2016\/08\/s3.jpg\" alt=\"3\/30\"\/>\n  <div class=\"rsTmb\">3\/30<\/div>\n  \n  \n<\/div><div class=\"rsContent\">\n  <img class=\"rsImg\" src=\"http:\/\/narraventures.com\/coaching\/wp-content\/uploads\/2016\/08\/s_4-1.jpg\" alt=\"4\/30\"\/>\n  <div class=\"rsTmb\">4\/30<\/div>\n  \n  \n<\/div><div class=\"rsContent\">\n  <img class=\"rsImg\" src=\"http:\/\/narraventures.com\/coaching\/wp-content\/uploads\/2016\/08\/slide_5.jpg\" alt=\"5\/30\"\/>\n  <div class=\"rsTmb\">5\/30<\/div>\n  \n  \n<\/div><div class=\"rsContent\">\n  <img class=\"rsImg\" src=\"http:\/\/narraventures.com\/coaching\/wp-content\/uploads\/2016\/08\/s_6.jpg\" alt=\"6\/30\"\/>\n  <div class=\"rsTmb\">6\/30<\/div>\n  \n  \n<\/div><div class=\"rsContent\">\n  <img class=\"rsImg\" src=\"http:\/\/narraventures.com\/coaching\/wp-content\/uploads\/2016\/08\/s_7.jpg\" alt=\"7\/30\"\/>\n  <div class=\"rsTmb\">7\/30<\/div>\n  \n  \n<\/div><div class=\"rsContent\">\n  <img class=\"rsImg\" src=\"http:\/\/narraventures.com\/coaching\/wp-content\/uploads\/2016\/08\/s_8.jpg\" alt=\"8\/30\"\/>\n  <div class=\"rsTmb\">8\/30<\/div>\n  \n  \n<\/div><div class=\"rsContent\">\n  <img class=\"rsImg\" src=\"http:\/\/narraventures.com\/coaching\/wp-content\/uploads\/2016\/08\/s_9.jpg\" alt=\"9\/30\"\/>\n  <div class=\"rsTmb\">9\/30<\/div>\n  \n  \n<\/div><div class=\"rsContent\">\n  <img class=\"rsImg\" src=\"http:\/\/narraventures.com\/coaching\/wp-content\/uploads\/2016\/08\/s_10-1.jpg\" alt=\"10\/30\"\/>\n  <div class=\"rsTmb\">10\/30<\/div>\n  \n  \n<\/div><div class=\"rsContent\">\n  <img class=\"rsImg\" src=\"http:\/\/narraventures.com\/coaching\/wp-content\/uploads\/2016\/08\/s_11b.jpg\" alt=\"11\/30\"\/>\n  <div class=\"rsTmb\">11\/30<\/div>\n  \n  \n<\/div><div class=\"rsContent\">\n  <img class=\"rsImg\" src=\"http:\/\/narraventures.com\/coaching\/wp-content\/uploads\/2016\/08\/s_12-2.jpg\" alt=\"12\/30\"\/>\n  <div class=\"rsTmb\">12\/30<\/div>\n  \n  \n<\/div><div class=\"rsContent\">\n  <img class=\"rsImg\" src=\"http:\/\/narraventures.com\/coaching\/wp-content\/uploads\/2016\/08\/s_13.jpg\" alt=\"13\/30\"\/>\n  <div class=\"rsTmb\">13\/30<\/div>\n  \n  \n<\/div><div class=\"rsContent\">\n  <img class=\"rsImg\" src=\"http:\/\/narraventures.com\/coaching\/wp-content\/uploads\/2016\/08\/s_14.jpg\" alt=\"14\/30\"\/>\n  <div class=\"rsTmb\">14\/30<\/div>\n  \n  \n<\/div><div class=\"rsContent\">\n  <img class=\"rsImg\" src=\"http:\/\/narraventures.com\/coaching\/wp-content\/uploads\/2016\/08\/s_15c.jpg\" alt=\"15\/30\"\/>\n  <div class=\"rsTmb\">15\/30<\/div>\n  \n  \n<\/div><div class=\"rsContent\">\n  <img class=\"rsImg\" src=\"http:\/\/narraventures.com\/coaching\/wp-content\/uploads\/2016\/08\/s_16c.jpg\" alt=\"16\/30\"\/>\n  <div class=\"rsTmb\">16\/30<\/div>\n  \n  \n<\/div><div class=\"rsContent\">\n  <img class=\"rsImg\" src=\"http:\/\/narraventures.com\/coaching\/wp-content\/uploads\/2016\/08\/s_17c.jpg\" alt=\"17\/30\"\/>\n  <div class=\"rsTmb\">17\/30<\/div>\n  \n  \n<\/div><div class=\"rsContent\">\n  <img class=\"rsImg\" src=\"http:\/\/narraventures.com\/coaching\/wp-content\/uploads\/2016\/08\/s_18c.jpg\" alt=\"18\/30\"\/>\n  <div class=\"rsTmb\">18\/30<\/div>\n  \n  \n<\/div><div class=\"rsContent\">\n  <img class=\"rsImg\" src=\"http:\/\/narraventures.com\/coaching\/wp-content\/uploads\/2016\/08\/s_19c.jpg\" alt=\"19\/30\"\/>\n  <div class=\"rsTmb\">19\/30<\/div>\n  \n  \n<\/div><div class=\"rsContent\">\n  <img class=\"rsImg\" src=\"http:\/\/narraventures.com\/coaching\/wp-content\/uploads\/2016\/08\/s_20.jpg\" alt=\"20\/30\"\/>\n  <div class=\"rsTmb\">20\/30<\/div>\n  \n  \n<\/div><div class=\"rsContent\">\n  <img class=\"rsImg\" src=\"http:\/\/narraventures.com\/coaching\/wp-content\/uploads\/2016\/08\/s_21.jpg\" alt=\"21\/30\"\/>\n  <div class=\"rsTmb\">21\/30<\/div>\n  \n  \n<\/div><div class=\"rsContent\">\n  <img class=\"rsImg\" src=\"http:\/\/narraventures.com\/coaching\/wp-content\/uploads\/2016\/08\/s_22.jpg\" alt=\"22\/30\"\/>\n  <div class=\"rsTmb\">22\/30<\/div>\n  \n  \n<\/div><div class=\"rsContent\">\n  <img class=\"rsImg\" src=\"http:\/\/narraventures.com\/coaching\/wp-content\/uploads\/2016\/08\/s23.jpg\" alt=\"23\/30\"\/>\n  <div class=\"rsTmb\">23\/30<\/div>\n  \n  \n<\/div><div class=\"rsContent\">\n  <img class=\"rsImg\" src=\"http:\/\/narraventures.com\/coaching\/wp-content\/uploads\/2016\/08\/s_24.jpg\" alt=\"24\/30\"\/>\n  <div class=\"rsTmb\">24\/30<\/div>\n  \n  \n<\/div><div class=\"rsContent\">\n  <img class=\"rsImg\" src=\"http:\/\/narraventures.com\/coaching\/wp-content\/uploads\/2016\/08\/s_25.jpg\" alt=\"25\/30\"\/>\n  <div class=\"rsTmb\">25\/30<\/div>\n  \n  \n<\/div><div class=\"rsContent\">\n  <img class=\"rsImg\" src=\"http:\/\/narraventures.com\/coaching\/wp-content\/uploads\/2016\/08\/s_26b.jpg\" alt=\"26\/30\"\/>\n  <div class=\"rsTmb\">26\/30<\/div>\n  \n  \n<\/div><div class=\"rsContent\">\n  <img class=\"rsImg\" src=\"http:\/\/narraventures.com\/coaching\/wp-content\/uploads\/2016\/08\/s_27.jpg\" alt=\"27\/30\"\/>\n  <div class=\"rsTmb\">27\/30<\/div>\n  \n  \n<\/div><div class=\"rsContent\">\n  <img class=\"rsImg\" src=\"http:\/\/narraventures.com\/coaching\/wp-content\/uploads\/2016\/08\/s_28.jpg\" alt=\"28\/30\"\/>\n  <div class=\"rsTmb\">28\/30<\/div>\n  \n  \n<\/div><div class=\"rsContent\">\n  <img class=\"rsImg\" src=\"http:\/\/narraventures.com\/coaching\/wp-content\/uploads\/2016\/08\/s_29.jpg\" alt=\"29\/30\"\/>\n  <div class=\"rsTmb\">29\/30<\/div>\n  \n  \n<\/div><div class=\"rsContent\">\n  <img class=\"rsImg\" src=\"http:\/\/narraventures.com\/coaching\/wp-content\/uploads\/2016\/08\/s_30b.jpg\" alt=\"30\/30\"\/>\n  <div class=\"rsTmb\">30\/30<\/div>\n  \n  \n<\/div><\/div>\n<\/div>\n","protected":false},"excerpt":{"rendered":"<p>Voici un condens\u00e9 de ma pr\u00e9sentation sur une r\u00e9ponse narrative aux attentats terroristes de janvier et de novembre, 2015, \u00e0 Paris. Cette pr\u00e9sentation a \u00e9t\u00e9 faite en entier aux Deuxi\u00e8mes journ\u00e9es narratives francophones, \u00e0 Nantes, les 3 et 4 juin, 2016. (cliquer sur l&rsquo;image pour le diaporama)<\/p>\n","protected":false},"author":1,"featured_media":0,"parent":0,"menu_order":0,"comment_status":"closed","ping_status":"closed","template":"","meta":[],"translation":{"provider":"WPGlobus","version":"3.0.0","language":"fr","enabled_languages":["fr","en"],"languages":{"fr":{"title":true,"content":true,"excerpt":false},"en":{"title":false,"content":true,"excerpt":false}}},"_links":{"self":[{"href":"http:\/\/narraventures.com\/coaching\/wp-json\/wp\/v2\/pages\/9"}],"collection":[{"href":"http:\/\/narraventures.com\/coaching\/wp-json\/wp\/v2\/pages"}],"about":[{"href":"http:\/\/narraventures.com\/coaching\/wp-json\/wp\/v2\/types\/page"}],"author":[{"embeddable":true,"href":"http:\/\/narraventures.com\/coaching\/wp-json\/wp\/v2\/users\/1"}],"replies":[{"embeddable":true,"href":"http:\/\/narraventures.com\/coaching\/wp-json\/wp\/v2\/comments?post=9"}],"version-history":[{"count":20,"href":"http:\/\/narraventures.com\/coaching\/wp-json\/wp\/v2\/pages\/9\/revisions"}],"predecessor-version":[{"id":681,"href":"http:\/\/narraventures.com\/coaching\/wp-json\/wp\/v2\/pages\/9\/revisions\/681"}],"wp:attachment":[{"href":"http:\/\/narraventures.com\/coaching\/wp-json\/wp\/v2\/media?parent=9"}],"curies":[{"name":"wp","href":"https:\/\/api.w.org\/{rel}","templated":true}]}}