{"id":89,"date":"2016-08-20T15:18:03","date_gmt":"2016-08-20T15:18:03","guid":{"rendered":"http:\/\/narraventures.com\/coaching\/?page_id=89"},"modified":"2017-01-06T11:56:07","modified_gmt":"2017-01-06T11:56:07","slug":"goodbye-mike-bonjour-la-creativite","status":"publish","type":"page","link":"http:\/\/narraventures.com\/coaching\/goodbye-mike-bonjour-la-creativite\/","title":{"rendered":"Goodbye Mike, Bonjour la Cr\u00e9ativit\u00e9"},"content":{"rendered":"<p>Cet article que j&rsquo;ai \u00e9crit en 2009, publi\u00e9 dans <u>Comprendre et Pratiquer l&rsquo;Approche Narrative<\/u>, (Dameron et Blanc- Sahnoun, \u00e9diteurs, Intereditions 2009), aborde l\u2019alcoolisme et son r\u00e9tablissement comme un processus s\u2019articulant autour de l\u2019identit\u00e9 et de sa reconstruction. Illustr\u00e9 par l&rsquo;exemple de conversations narratives avec Carla qui se lib\u00e8re de l&rsquo;influence d&rsquo; un probl\u00e8me qu&rsquo;elle appelle \u00ab\u00a0Mike\u00a0\u00bb. Alors que Mike \u00e9merge et prend forme, Carla parvient \u00e0 ren\u00e9gocier leur relation et, lib\u00e9r\u00e9e de son influence limitante, \u00e0 red\u00e9finir la direction qu&rsquo;elle souhaite pour sa vie.<\/p>\n<p><span style=\"text-decoration: underline;\"><a href=\"http:\/\/narraventures.com\/pdf\/hello_mike.pdf\">t\u00e9l\u00e9charger l&rsquo;article au format\u00a0pdf<\/a><\/span><\/p>\n","protected":false},"excerpt":{"rendered":"<p>Cet article que j&rsquo;ai \u00e9crit en 2009, publi\u00e9 dans Comprendre et Pratiquer l&rsquo;Approche Narrative, (Dameron et Blanc- Sahnoun, \u00e9diteurs, Intereditions 2009), aborde l\u2019alcoolisme et son r\u00e9tablissement comme un processus s\u2019articulant autour de l\u2019identit\u00e9 et de sa reconstruction. Illustr\u00e9 par l&rsquo;exemple de conversations narratives avec Carla qui se lib\u00e8re de l&rsquo;influence d&rsquo; un probl\u00e8me qu&rsquo;elle appelle &hellip; <a href=\"http:\/\/narraventures.com\/coaching\/goodbye-mike-bonjour-la-creativite\/\" class=\"more-link\">Continuer la lecture de <span class=\"screen-reader-text\">Goodbye Mike, Bonjour la Cr\u00e9ativit\u00e9<\/span><\/a><\/p>\n","protected":false},"author":1,"featured_media":0,"parent":0,"menu_order":0,"comment_status":"closed","ping_status":"closed","template":"","meta":[],"translation":{"provider":"WPGlobus","version":"3.0.0","language":"fr","enabled_languages":["fr","en"],"languages":{"fr":{"title":true,"content":true,"excerpt":false},"en":{"title":true,"content":true,"excerpt":false}}},"_links":{"self":[{"href":"http:\/\/narraventures.com\/coaching\/wp-json\/wp\/v2\/pages\/89"}],"collection":[{"href":"http:\/\/narraventures.com\/coaching\/wp-json\/wp\/v2\/pages"}],"about":[{"href":"http:\/\/narraventures.com\/coaching\/wp-json\/wp\/v2\/types\/page"}],"author":[{"embeddable":true,"href":"http:\/\/narraventures.com\/coaching\/wp-json\/wp\/v2\/users\/1"}],"replies":[{"embeddable":true,"href":"http:\/\/narraventures.com\/coaching\/wp-json\/wp\/v2\/comments?post=89"}],"version-history":[{"count":10,"href":"http:\/\/narraventures.com\/coaching\/wp-json\/wp\/v2\/pages\/89\/revisions"}],"predecessor-version":[{"id":1008,"href":"http:\/\/narraventures.com\/coaching\/wp-json\/wp\/v2\/pages\/89\/revisions\/1008"}],"wp:attachment":[{"href":"http:\/\/narraventures.com\/coaching\/wp-json\/wp\/v2\/media?parent=89"}],"curies":[{"name":"wp","href":"https:\/\/api.w.org\/{rel}","templated":true}]}}