{"id":6,"date":"2016-08-08T12:46:14","date_gmt":"2016-08-08T12:46:14","guid":{"rendered":"http:\/\/narraventures.com\/coaching\/?page_id=6"},"modified":"2023-01-24T14:27:21","modified_gmt":"2023-01-24T14:27:21","slug":"invitation","status":"publish","type":"page","link":"http:\/\/narraventures.com\/coaching\/","title":{"rendered":"Invitation \u00e0 l&rsquo;aventure"},"content":{"rendered":"<h6>Bienvenue sur <em>Narraventures\u00a0:<\/em><\/h6>\n<p><strong><em>Narraventures :<\/em><\/strong> Une invitation \u00e0 partir \u00e0 l&rsquo;aventure: en vous r\u00e9appropriant les \u00abdroits d&rsquo;auteur sur votre vie\u00bb, en redevenant curieux et passionn\u00e9 par votre propre roman, en imaginant de nouvelles possibilit\u00e9s\u2026<br \/>\nPuisant dans les multiples racines de l&rsquo;Approche Narrative, l&rsquo;anthropologie culturelle, la philosophie, l&rsquo;approche syst\u00e9mique, et l&rsquo;engagement social, ainsi que d&rsquo;autres modalit\u00e9s cr\u00e9atives, \u00abNarraventures\u00bb propose des aventures accompagn\u00e9es en mode \u00ab\u00a0narratif\u00a0\u00bb, pour vous aider \u00e0 reconnecter \u00e0 ce qui a du sens pour vous et \u00e0 ce qui vous fait vibrer, au niveau collectif et\/ou individuel.<\/p>\n<h6>L&rsquo;Approche Narrative<\/h6>\n<p style=\"text-align: justify;\">D\u00e9velopp\u00e9e en Australie et en Nouvelle Z\u00e9lande par Michael White et David Epston, l&rsquo;Approche Narrative demande au praticien de se positionner dans le respect et le non- jugement. La fameuse posture \u00ab\u00a0d\u00e9centr\u00e9e et influente\u00a0\u00bb place les comp\u00e9tences, savoirs -faire et savoirs- \u00eatre du client au centre de l&rsquo;accompagnement. Applicable dans la th\u00e9rapie, le travail social, le coaching, la m\u00e9decine et autres formes d&rsquo;accompagnement des individus, couples, groupes, \u00e9quipes et communaut\u00e9s, l&rsquo;Approche Narrative positionne les personnes comme experts de leurs vies. On consid\u00e8re que le probl\u00e8me n&rsquo;est pas situ\u00e9 \u00e0 l&rsquo;int\u00e9rieur de la personne et on prend comme postulat de base le fait que tout le monde \u00e0 des comp\u00e9tences, capacit\u00e9s et savoirs et que quand ils sont mis en lien avec leurs valeurs, engagements et croyances, ils vont les assister \u00e0 r\u00e9duire l&rsquo; influence des probl\u00e8mes et redevenir auteurs de leurs propres vies.<\/p>\n","protected":false},"excerpt":{"rendered":"<p>Bienvenue sur Narraventures\u00a0: Narraventures : Une invitation \u00e0 partir \u00e0 l&rsquo;aventure: en vous r\u00e9appropriant les \u00abdroits d&rsquo;auteur sur votre vie\u00bb, en redevenant curieux et passionn\u00e9 par votre propre roman, en imaginant de nouvelles possibilit\u00e9s\u2026 Puisant dans les multiples racines de l&rsquo;Approche Narrative, l&rsquo;anthropologie culturelle, la philosophie, l&rsquo;approche syst\u00e9mique, et l&rsquo;engagement social, ainsi que d&rsquo;autres modalit\u00e9s &hellip; <a href=\"http:\/\/narraventures.com\/coaching\/\" class=\"more-link\">Continuer la lecture de <span class=\"screen-reader-text\">Invitation \u00e0 l&rsquo;aventure<\/span><\/a><\/p>\n","protected":false},"author":1,"featured_media":569,"parent":0,"menu_order":0,"comment_status":"closed","ping_status":"closed","template":"","meta":[],"translation":{"provider":"WPGlobus","version":"3.0.0","language":"fr","enabled_languages":["fr","en"],"languages":{"fr":{"title":true,"content":true,"excerpt":false},"en":{"title":true,"content":true,"excerpt":false}}},"_links":{"self":[{"href":"http:\/\/narraventures.com\/coaching\/wp-json\/wp\/v2\/pages\/6"}],"collection":[{"href":"http:\/\/narraventures.com\/coaching\/wp-json\/wp\/v2\/pages"}],"about":[{"href":"http:\/\/narraventures.com\/coaching\/wp-json\/wp\/v2\/types\/page"}],"author":[{"embeddable":true,"href":"http:\/\/narraventures.com\/coaching\/wp-json\/wp\/v2\/users\/1"}],"replies":[{"embeddable":true,"href":"http:\/\/narraventures.com\/coaching\/wp-json\/wp\/v2\/comments?post=6"}],"version-history":[{"count":26,"href":"http:\/\/narraventures.com\/coaching\/wp-json\/wp\/v2\/pages\/6\/revisions"}],"predecessor-version":[{"id":412,"href":"http:\/\/narraventures.com\/coaching\/wp-json\/wp\/v2\/pages\/6\/revisions\/412"}],"wp:featuredmedia":[{"embeddable":true,"href":"http:\/\/narraventures.com\/coaching\/wp-json\/wp\/v2\/media\/569"}],"wp:attachment":[{"href":"http:\/\/narraventures.com\/coaching\/wp-json\/wp\/v2\/media?parent=6"}],"curies":[{"name":"wp","href":"https:\/\/api.w.org\/{rel}","templated":true}]}}