{"id":49,"date":"2016-08-19T09:24:07","date_gmt":"2016-08-19T09:24:07","guid":{"rendered":"http:\/\/narraventures.com\/coaching\/?page_id=49"},"modified":"2024-05-20T15:56:07","modified_gmt":"2024-05-20T15:56:07","slug":"bio","status":"publish","type":"page","link":"http:\/\/narraventures.com\/coaching\/bio\/","title":{"rendered":"Bio"},"content":{"rendered":"<p style=\"text-align: justify;\"><img loading=\"lazy\" class=\"alignright wp-image-776\" src=\"http:\/\/narraventures.com\/coaching\/wp-content\/uploads\/2017\/12\/elizabeth_feld_bio2.jpg\" alt=\"elizabeth feld\" width=\"190\" height=\"172\" \/>Mon parcours de vie personnel et professionnel m\u2019a amen\u00e9e \u00e0 visiter et s\u00e9journer dans de nombreux pays. \u00a0L\u2019esprit d\u2019aventure a \u00e9t\u00e9 nourri tr\u00e8s jeune avec des s\u00e9jours dans diff\u00e9rents pays europ\u00e9ens. Je porte deux passeports, am\u00e9ricain et fran\u00e7ais, et suis engag\u00e9e dans mon identit\u00e9 \u00ab\u00a0citoyenne du monde\u00a0\u00bb.<\/p>\n<p style=\"text-align: justify;\">J\u2019ai gard\u00e9 les fils d\u2019engagement, de collaboration, de voyage et d\u2019exploration, rencontr\u00e9s dans mon enfance, dans mes choix de vie et de m\u00e9tiers. Ambulanci\u00e8re, prof d\u2019\u00e9ducation physique, coach, th\u00e9rapeute et formatrice, j\u2019ai toujours choisi de travailler dans l\u2019accompagnement\u2026<\/p>\n<p style=\"text-align: justify;\">Aujourd\u2019hui, mon travail d\u2019accompagnatrice se fait dans divers domaines et contextes. Je continue sur le chemin de l\u2019aventure dans l\u2019accompagnement dans le contexte des personnes que je rencontre\u00a0:<br \/>\nAccompagnement d\u2019\u00e9quipes en Russie, en Su\u00e8de et au Burkina Faso, formation de coordinateurs internationaux pour un ONG, accompagner couples bi-culturels, et personnes en difficult\u00e9 avec les addictions et les familles \u00ab\u00a0dysfonctionnelles\u00a0\u00bb, accompagner en supervision des personnes qui eux-m\u00eames portent des projets innovants et passionnants\u2026<\/p>\n<p>L\u2019aventure narrative \u00e9volue constamment\u2026<\/p>\n<div class='content-column one_half'><span style=\"font-size: 14px; color: #333399;\">Narracienne multi-histoires :<\/span><\/div>\n<div class='content-column one_half last_column'><span style=\"font-size: 14px; color: #333399;\">Accompagnement des personnes,\u00a0<\/span><br \/>\n<span style=\"font-size: 14px; color: #333399;\">des groupes et des \u00e9quipes.<\/span><\/div><div class='clear_column'><\/div>\n<div class='content-column one_half'><span style=\"font-size: 14px; color: #008080;\">Une palette de ressources et d&rsquo;applications :<\/span><\/div>\n<div class='content-column one_half last_column'><span style=\"font-size: 14px; color: #008080;\">&#8211; l&rsquo;approche narrative<\/span><br \/>\n<span style=\"font-size: 14px; color: #008080;\">&#8211; l&rsquo;art th\u00e9rapie<\/span><br \/>\n<span style=\"font-size: 14px; color: #008080;\">&#8211; les activit\u00e9s de teambuilding<\/span><br \/>\n<span style=\"font-size: 14px; color: #008080;\">&#8211; le coaching et la th\u00e9rapie par l&rsquo;aventure<\/span><br \/>\n<span style=\"font-size: 14px; color: #008080;\">&#8211; les formations narratives&#8230;<\/span><\/div><div class='clear_column'><\/div>\n","protected":false},"excerpt":{"rendered":"<p>Mon parcours de vie personnel et professionnel m\u2019a amen\u00e9e \u00e0 visiter et s\u00e9journer dans de nombreux pays. \u00a0L\u2019esprit d\u2019aventure a \u00e9t\u00e9 nourri tr\u00e8s jeune avec des s\u00e9jours dans diff\u00e9rents pays europ\u00e9ens. Je porte deux passeports, am\u00e9ricain et fran\u00e7ais, et suis engag\u00e9e dans mon identit\u00e9 \u00ab\u00a0citoyenne du monde\u00a0\u00bb. J\u2019ai gard\u00e9 les fils d\u2019engagement, de collaboration, de &hellip; <a href=\"http:\/\/narraventures.com\/coaching\/bio\/\" class=\"more-link\">Continuer la lecture de <span class=\"screen-reader-text\">Bio<\/span><\/a><\/p>\n","protected":false},"author":1,"featured_media":0,"parent":0,"menu_order":0,"comment_status":"closed","ping_status":"closed","template":"","meta":[],"translation":{"provider":"WPGlobus","version":"3.0.0","language":"fr","enabled_languages":["fr","en"],"languages":{"fr":{"title":true,"content":true,"excerpt":false},"en":{"title":true,"content":true,"excerpt":false}}},"_links":{"self":[{"href":"http:\/\/narraventures.com\/coaching\/wp-json\/wp\/v2\/pages\/49"}],"collection":[{"href":"http:\/\/narraventures.com\/coaching\/wp-json\/wp\/v2\/pages"}],"about":[{"href":"http:\/\/narraventures.com\/coaching\/wp-json\/wp\/v2\/types\/page"}],"author":[{"embeddable":true,"href":"http:\/\/narraventures.com\/coaching\/wp-json\/wp\/v2\/users\/1"}],"replies":[{"embeddable":true,"href":"http:\/\/narraventures.com\/coaching\/wp-json\/wp\/v2\/comments?post=49"}],"version-history":[{"count":29,"href":"http:\/\/narraventures.com\/coaching\/wp-json\/wp\/v2\/pages\/49\/revisions"}],"predecessor-version":[{"id":1126,"href":"http:\/\/narraventures.com\/coaching\/wp-json\/wp\/v2\/pages\/49\/revisions\/1126"}],"wp:attachment":[{"href":"http:\/\/narraventures.com\/coaching\/wp-json\/wp\/v2\/media?parent=49"}],"curies":[{"name":"wp","href":"https:\/\/api.w.org\/{rel}","templated":true}]}}