{"id":443,"date":"2016-11-04T15:41:16","date_gmt":"2016-11-04T15:41:16","guid":{"rendered":"http:\/\/narraventures.com\/coaching\/?page_id=443"},"modified":"2017-10-06T17:12:54","modified_gmt":"2017-10-06T17:12:54","slug":"supervision","status":"publish","type":"page","link":"http:\/\/narraventures.com\/coaching\/supervision\/","title":{"rendered":"Formation continue en petits groupes"},"content":{"rendered":"<p><div class='content-column one_half'><img loading=\"lazy\" class=\"wp-image-195 size-medium alignleft\" src=\"http:\/\/narraventures.com\/coaching\/wp-content\/uploads\/2016\/08\/mw-de-300x245.jpg\" alt=\"white et epston\" width=\"300\" height=\"245\" srcset=\"http:\/\/narraventures.com\/coaching\/wp-content\/uploads\/2016\/08\/mw-de-300x245.jpg 300w, http:\/\/narraventures.com\/coaching\/wp-content\/uploads\/2016\/08\/mw-de.jpg 476w\" sizes=\"(max-width: 300px) 100vw, 300px\" \/><\/div><div class='content-column one_half last_column'><p style=\"text-align: justify;\">Continuer \u00e0 d\u00e9velopper votre pratique: formations individuelles et de groupe : exercices narratifs, d\u00e9couverte de nouvelles pratiques et \u00e9tudes de cas bas\u00e9s sur des pratiques et une posture narratives.<\/p><\/div><div class='clear_column'><\/div><\/p>\n","protected":false},"excerpt":{"rendered":"","protected":false},"author":2,"featured_media":0,"parent":0,"menu_order":0,"comment_status":"closed","ping_status":"closed","template":"","meta":[],"translation":{"provider":"WPGlobus","version":"3.0.0","language":"fr","enabled_languages":["fr","en"],"languages":{"fr":{"title":true,"content":true,"excerpt":false},"en":{"title":true,"content":true,"excerpt":false}}},"_links":{"self":[{"href":"http:\/\/narraventures.com\/coaching\/wp-json\/wp\/v2\/pages\/443"}],"collection":[{"href":"http:\/\/narraventures.com\/coaching\/wp-json\/wp\/v2\/pages"}],"about":[{"href":"http:\/\/narraventures.com\/coaching\/wp-json\/wp\/v2\/types\/page"}],"author":[{"embeddable":true,"href":"http:\/\/narraventures.com\/coaching\/wp-json\/wp\/v2\/users\/2"}],"replies":[{"embeddable":true,"href":"http:\/\/narraventures.com\/coaching\/wp-json\/wp\/v2\/comments?post=443"}],"version-history":[{"count":18,"href":"http:\/\/narraventures.com\/coaching\/wp-json\/wp\/v2\/pages\/443\/revisions"}],"predecessor-version":[{"id":689,"href":"http:\/\/narraventures.com\/coaching\/wp-json\/wp\/v2\/pages\/443\/revisions\/689"}],"wp:attachment":[{"href":"http:\/\/narraventures.com\/coaching\/wp-json\/wp\/v2\/media?parent=443"}],"curies":[{"name":"wp","href":"https:\/\/api.w.org\/{rel}","templated":true}]}}