{"id":321,"date":"2016-09-29T08:57:32","date_gmt":"2016-09-29T08:57:32","guid":{"rendered":"http:\/\/narraventures.com\/coaching\/?page_id=321"},"modified":"2024-09-06T14:25:30","modified_gmt":"2024-09-06T14:25:30","slug":"ateliers","status":"publish","type":"page","link":"http:\/\/narraventures.com\/coaching\/ateliers\/","title":{"rendered":"Aventures courantes"},"content":{"rendered":"<p style=\"text-align: justify;\"><strong>Travers\u00e9es<\/strong> : L&rsquo;odyss\u00e9e a\u00e7or\u00e9ene de d\u00e9couvertes et de ressourcement retourne aux A\u00e7ores en 2025.<\/p>\n<p><div class='content-column one_third'><img loading=\"lazy\" class=\"wp-image-325 size-medium alignleft\" src=\"http:\/\/narraventures.com\/coaching\/wp-content\/uploads\/2016\/09\/paysage-e1475139637978-225x300.jpg\" alt=\"paysage\" width=\"225\" height=\"300\" srcset=\"http:\/\/narraventures.com\/coaching\/wp-content\/uploads\/2016\/09\/paysage-e1475139637978-225x300.jpg 225w, http:\/\/narraventures.com\/coaching\/wp-content\/uploads\/2016\/09\/paysage-e1475139637978.jpg 480w\" sizes=\"(max-width: 225px) 100vw, 225px\" \/><\/div><br \/>\n<div class='content-column two_third last_column'><div style=\"padding-left:20px;\">Une retraite de 7 jours pour se ressourcer dans l&rsquo;archipel des A\u00e7ores (Sao Miguel et Santa Maria&#8230;).<\/p>\n<p>Cette ann\u00e9e nous retournerons aux A\u00e7ores. Cet archipel est plein de ressources naturelles et d&rsquo;endroits magiques \u00e0 d\u00e9couvrir.<br \/>\nLes ateliers auront lieu dans site donnant sur un moulin et dans des lieux naturels, ce qui nous donnera l&rsquo;opportunit\u00e9 de prendre la distance de la vie quotidienne et:<br \/>\nRed\u00e9couvrir et ancrer ses ressources<br \/>\nRecharger ses batteries et se faire plaisir<br \/>\nAvancer sur ses voies avec le soutien d\u2019une communaut\u00e9 bienveillante<br \/>\nD\u00e9couvrir un archipel au milieu de l&rsquo;atlantique et ses paysages merveilleux.<\/div><\/div><div class='clear_column'><\/div><br \/>\n<div class='content-column two_third'><div style=\"\"><p style=\"text-align: justify;\">Exercices cr\u00e9atifs et conversations narratives, activit\u00e9s dans la nature, et partages vous soutiendront pour clarifier vos r\u00eaves et visions et \u00e0 n\u00e9gocier les passages de votre vie.<\/p>\n<p style=\"text-align: justify;\">Travail individuel et de groupe, facilit\u00e9 par des conversations narratives, c\u00e9r\u00e9monies d\u00e9finitionnelles, voyage du h\u00e9ros, chemin de vie, exercices cr\u00e9atifs et exercices dans la nature pour cheminer en douceur\u2026<\/p>\n<p><strong>Prochaines dates : 8 juin &#8211; 16 juin, 2025<\/strong><\/p>\n<p>Cliquez <span style=\"text-decoration: underline;\"><a href=\"http:\/\/narraventures.com\/coaching\/wp-content\/uploads\/2022\/02\/document-final-masterclass-Acores-6-22.docx\" target=\"_blank\" rel=\"noopener\">ici<\/a><\/span> pour une brochure (\u00e0 jour, me contacter pour plus d&rsquo;infos ) <\/p>\n<p>Vous pouvez aussi consulter ce site pour des photos:\u00a0<a href=\"https:\/\/www.visitazores.com\/fr\">https:\/\/www.visitazores.com\/fr<\/a><\/p><\/div><\/div><br \/>\n<div class='content-column one_third last_column'><div style=\"padding-left:20px;\"><img loading=\"lazy\" class=\"wp-image-324 size-medium alignright\" src=\"http:\/\/narraventures.com\/coaching\/wp-content\/uploads\/2016\/09\/hotsprings-e1475139615704-225x300.jpg\" alt=\"hotsprings\" width=\"225\" height=\"300\" srcset=\"http:\/\/narraventures.com\/coaching\/wp-content\/uploads\/2016\/09\/hotsprings-e1475139615704-225x300.jpg 225w, http:\/\/narraventures.com\/coaching\/wp-content\/uploads\/2016\/09\/hotsprings-e1475139615704.jpg 480w\" sizes=\"(max-width: 225px) 100vw, 225px\" \/><\/div><\/div><div class='clear_column'><\/div><\/p>\n","protected":false},"excerpt":{"rendered":"<p>Travers\u00e9es : L&rsquo;odyss\u00e9e a\u00e7or\u00e9ene de d\u00e9couvertes et de ressourcement retourne aux A\u00e7ores en 2025.<\/p>\n","protected":false},"author":1,"featured_media":0,"parent":0,"menu_order":0,"comment_status":"closed","ping_status":"closed","template":"","meta":[],"translation":{"provider":"WPGlobus","version":"3.0.0","language":"fr","enabled_languages":["fr","en"],"languages":{"fr":{"title":true,"content":true,"excerpt":false},"en":{"title":true,"content":true,"excerpt":false}}},"_links":{"self":[{"href":"http:\/\/narraventures.com\/coaching\/wp-json\/wp\/v2\/pages\/321"}],"collection":[{"href":"http:\/\/narraventures.com\/coaching\/wp-json\/wp\/v2\/pages"}],"about":[{"href":"http:\/\/narraventures.com\/coaching\/wp-json\/wp\/v2\/types\/page"}],"author":[{"embeddable":true,"href":"http:\/\/narraventures.com\/coaching\/wp-json\/wp\/v2\/users\/1"}],"replies":[{"embeddable":true,"href":"http:\/\/narraventures.com\/coaching\/wp-json\/wp\/v2\/comments?post=321"}],"version-history":[{"count":214,"href":"http:\/\/narraventures.com\/coaching\/wp-json\/wp\/v2\/pages\/321\/revisions"}],"predecessor-version":[{"id":1210,"href":"http:\/\/narraventures.com\/coaching\/wp-json\/wp\/v2\/pages\/321\/revisions\/1210"}],"wp:attachment":[{"href":"http:\/\/narraventures.com\/coaching\/wp-json\/wp\/v2\/media?parent=321"}],"curies":[{"name":"wp","href":"https:\/\/api.w.org\/{rel}","templated":true}]}}