{"id":242,"date":"2016-08-30T14:14:24","date_gmt":"2016-08-30T14:14:24","guid":{"rendered":"http:\/\/narraventures.com\/coaching\/?page_id=242"},"modified":"2017-10-16T13:24:53","modified_gmt":"2017-10-16T13:24:53","slug":"teambuilding","status":"publish","type":"page","link":"http:\/\/narraventures.com\/coaching\/teambuilding\/","title":{"rendered":"Formation\/Coh\u00e9sion d&rsquo;\u00e9quipe"},"content":{"rendered":"<p><img loading=\"lazy\" class=\"aligncenter wp-image-243 size-full\" src=\"http:\/\/narraventures.com\/coaching\/wp-content\/uploads\/2016\/08\/collaboration.jpg\" alt=\"collaboration\" width=\"599\" height=\"330\" srcset=\"http:\/\/narraventures.com\/coaching\/wp-content\/uploads\/2016\/08\/collaboration.jpg 599w, http:\/\/narraventures.com\/coaching\/wp-content\/uploads\/2016\/08\/collaboration-300x165.jpg 300w\" sizes=\"(max-width: 599px) 100vw, 599px\" \/><\/p>\n<p>Nos formations sur le management, la communication manag\u00e9riale et la gestion de conflit permettent aux \u00e9quipes de se former sur de bonnes pratiques, tout en renfor\u00e7ant la coh\u00e9sion au sein de leur \u00e9quipe par une application interactive et r\u00e9fl\u00e9chie de leur apprentissage.<\/p>\n<p style=\"text-align: justify;\">Form\u00e9e au <em>team-building<\/em> classique par <em>Project Adventure<\/em> et <em>Outward Bound<\/em> aux Etats-Unis et par <em>Action for Excellence International<\/em> en Europe, je travaille depuis 1985 avec des \u00e9quipes aussi bien en entreprise, que dans les groupes scolaires, ou bien encore avec les \u00e9quipes de projet. Travaillant \u00e0 l\u2019international, les contextes de mises en situation du groupe sont tout aussi vari\u00e9s que les langues et les pays o\u00f9 je pratique.<\/p>\n<p>El\u00e9ments th\u00e9oriques sur la communication, le management, la r\u00e9solution de conflits combin\u00e9 avec des exercices de r\u00e9solutions de d\u00e9fis, du temps d\u2019\u00e9changes narratifs autour des valeurs, des ressources et des visions partag\u00e9es, aident\u00a0 les participants \u00e0\u00a0:<br \/>\n\u2013 travailler sur des savoirs -faires pour mieux travaller ensemble<br \/>\n&#8211; identifier les \u00e9l\u00e9ments cl\u00e9s \u00e0 am\u00e9liorer dans leurs pratiques<br \/>\n&#8211; donner un sens \u00e0 leur travail,<br \/>\n\u2013 retrouver le plaisir de travailler ensemble,<br \/>\n\u2013 se mobiliser pour un nouveau projet,<br \/>\n\u2013 renforcer les fondations d\u2019\u00e9quipes nouvelles ou anciennes.<\/p>\n<p style=\"text-align: justify;\"><strong>Quelques r\u00e9f\u00e9rences clients<\/strong>\u00a0: <em>New England Telephone<\/em>, <em>Showa Japanese Institute<\/em>, <em>Merck<\/em>, <em>Sharp and Dohme<\/em>, Ericsson T\u00e9l\u00e9communications, Sida Info Service, M\u00e9decins du Monde\u2026<\/p>\n","protected":false},"excerpt":{"rendered":"<p>Nos formations sur le management, la communication manag\u00e9riale et la gestion de conflit permettent aux \u00e9quipes de se former sur de bonnes pratiques, tout en renfor\u00e7ant la coh\u00e9sion au sein de leur \u00e9quipe par une application interactive et r\u00e9fl\u00e9chie de leur apprentissage. Form\u00e9e au team-building classique par Project Adventure et Outward Bound aux Etats-Unis et &hellip; <a href=\"http:\/\/narraventures.com\/coaching\/teambuilding\/\" class=\"more-link\">Continuer la lecture de <span class=\"screen-reader-text\">Formation\/Coh\u00e9sion d&rsquo;\u00e9quipe<\/span><\/a><\/p>\n","protected":false},"author":1,"featured_media":0,"parent":0,"menu_order":0,"comment_status":"closed","ping_status":"closed","template":"","meta":[],"translation":{"provider":"WPGlobus","version":"3.0.0","language":"fr","enabled_languages":["fr","en"],"languages":{"fr":{"title":true,"content":true,"excerpt":false},"en":{"title":true,"content":true,"excerpt":false}}},"_links":{"self":[{"href":"http:\/\/narraventures.com\/coaching\/wp-json\/wp\/v2\/pages\/242"}],"collection":[{"href":"http:\/\/narraventures.com\/coaching\/wp-json\/wp\/v2\/pages"}],"about":[{"href":"http:\/\/narraventures.com\/coaching\/wp-json\/wp\/v2\/types\/page"}],"author":[{"embeddable":true,"href":"http:\/\/narraventures.com\/coaching\/wp-json\/wp\/v2\/users\/1"}],"replies":[{"embeddable":true,"href":"http:\/\/narraventures.com\/coaching\/wp-json\/wp\/v2\/comments?post=242"}],"version-history":[{"count":21,"href":"http:\/\/narraventures.com\/coaching\/wp-json\/wp\/v2\/pages\/242\/revisions"}],"predecessor-version":[{"id":540,"href":"http:\/\/narraventures.com\/coaching\/wp-json\/wp\/v2\/pages\/242\/revisions\/540"}],"wp:attachment":[{"href":"http:\/\/narraventures.com\/coaching\/wp-json\/wp\/v2\/media?parent=242"}],"curies":[{"name":"wp","href":"https:\/\/api.w.org\/{rel}","templated":true}]}}