{"id":115,"date":"2016-08-23T15:17:32","date_gmt":"2016-08-23T15:17:32","guid":{"rendered":"http:\/\/narraventures.com\/coaching\/?page_id=115"},"modified":"2016-12-06T17:12:17","modified_gmt":"2016-12-06T17:12:17","slug":"formations","status":"publish","type":"page","link":"http:\/\/narraventures.com\/coaching\/formations\/","title":{"rendered":"Formations"},"content":{"rendered":"<p>-En management, communication et divers sujets<br \/>\n-Formations \u00e0 L&rsquo;Approche Narrative<\/p>\n<p style=\"text-align: justify;\"><em>\u00ab\u00a0Le savoir th\u00e9orique devrait s\u2019\u00e9tendre \u00e0 partir du lieu de travail. Il est important d\u2019\u00e9tendre les savoirs th\u00e9oriques et exp\u00e9rientiels plut\u00f4t que de confirmer le savoir th\u00e9orique. C\u2019est beaucoup plus facile de confirmer des savoirs th\u00e9oriques que de les \u00e9tendre. L\u2019\u00e9thique consiste \u00e0 ce que, si nous entendons quelque chose qui ne rentre pas dans le savoir th\u00e9orique, que nous soyons interpell\u00e9s. L\u2019\u00e9thique c\u2019est de l\u2019entendre.\u00a0\u00bb<\/em><br \/>\nJohnella Bird<\/p>\n<p style=\"text-align: justify;\">Form\u00e9e au Boston State College, aux USA, \u00e0 l\u2019enseignement, j\u2019ai d\u00e9but\u00e9 ma profession d&rsquo;accompagnante en tant que prof de gym et coach sportive, pour poursuivre dans de domaines vari\u00e9s.<br \/>\nMa rencontre avec les Pratiques Narratives m\u2019a ouvert une nouvelle vista dans ma fa\u00e7on de concevoir la formation.<br \/>\nJ\u2019ai troqu\u00e9 ma posture d\u2019experte, dans laquelle j\u2019\u00e9tais toujours tr\u00e8s inconfortable, pour la posture de \u00ab\u00a0sage femme pour connaissances\u00a0\u00bb.<br \/>\nPour plus de d\u00e9tails, je vous invite \u00e0 visionner la vid\u00e9o.<\/p>\n","protected":false},"excerpt":{"rendered":"<p>-En management, communication et divers sujets -Formations \u00e0 L&rsquo;Approche Narrative \u00ab\u00a0Le savoir th\u00e9orique devrait s\u2019\u00e9tendre \u00e0 partir du lieu de travail. Il est important d\u2019\u00e9tendre les savoirs th\u00e9oriques et exp\u00e9rientiels plut\u00f4t que de confirmer le savoir th\u00e9orique. C\u2019est beaucoup plus facile de confirmer des savoirs th\u00e9oriques que de les \u00e9tendre. L\u2019\u00e9thique consiste \u00e0 ce que, &hellip; <a href=\"http:\/\/narraventures.com\/coaching\/formations\/\" class=\"more-link\">Continuer la lecture de <span class=\"screen-reader-text\">Formations<\/span><\/a><\/p>\n","protected":false},"author":1,"featured_media":571,"parent":0,"menu_order":0,"comment_status":"closed","ping_status":"closed","template":"","meta":[],"translation":{"provider":"WPGlobus","version":"3.0.0","language":"fr","enabled_languages":["fr","en"],"languages":{"fr":{"title":true,"content":true,"excerpt":false},"en":{"title":true,"content":true,"excerpt":false}}},"_links":{"self":[{"href":"http:\/\/narraventures.com\/coaching\/wp-json\/wp\/v2\/pages\/115"}],"collection":[{"href":"http:\/\/narraventures.com\/coaching\/wp-json\/wp\/v2\/pages"}],"about":[{"href":"http:\/\/narraventures.com\/coaching\/wp-json\/wp\/v2\/types\/page"}],"author":[{"embeddable":true,"href":"http:\/\/narraventures.com\/coaching\/wp-json\/wp\/v2\/users\/1"}],"replies":[{"embeddable":true,"href":"http:\/\/narraventures.com\/coaching\/wp-json\/wp\/v2\/comments?post=115"}],"version-history":[{"count":61,"href":"http:\/\/narraventures.com\/coaching\/wp-json\/wp\/v2\/pages\/115\/revisions"}],"predecessor-version":[{"id":141,"href":"http:\/\/narraventures.com\/coaching\/wp-json\/wp\/v2\/pages\/115\/revisions\/141"}],"wp:featuredmedia":[{"embeddable":true,"href":"http:\/\/narraventures.com\/coaching\/wp-json\/wp\/v2\/media\/571"}],"wp:attachment":[{"href":"http:\/\/narraventures.com\/coaching\/wp-json\/wp\/v2\/media?parent=115"}],"curies":[{"name":"wp","href":"https:\/\/api.w.org\/{rel}","templated":true}]}}